{"id":1685,"date":"2025-01-14T20:20:31","date_gmt":"2025-01-14T20:20:31","guid":{"rendered":"https:\/\/preview.treethemes.com\/pine\/onepage1\/?page_id=1685"},"modified":"2026-01-01T20:45:13","modified_gmt":"2026-01-01T20:45:13","slug":"our-work","status":"publish","type":"page","link":"https:\/\/lexpertisepatrimoniale.be\/index.php\/our-work\/","title":{"rendered":"Gestion Privative"},"content":{"rendered":"<div class=\"wpb-content-wrapper\"><p>[vc_row equal_height=\u00a0\u00bbyes\u00a0\u00bb content_placement=\u00a0\u00bbmiddle\u00a0\u00bb css_animation=\u00a0\u00bbnone\u00a0\u00bb el_class=\u00a0\u00bbwide-ipad\u00a0\u00bb][vc_column css_animation=\u00a0\u00bbfadeInUp\u00a0\u00bb]<div class=\"ult-spacer spacer-69ea4fab2322f\" data-id=\"69ea4fab2322f\" data-height=\"150\" data-height-mobile=\"100\" data-height-tab=\"\" data-height-tab-portrait=\"120\" data-height-mobile-landscape=\"100\" style=\"clear:both;display:block;\"><\/div><div id=\"ultv-7531\" class=\"ult-dual-color ult-adjust-bottom-margin ult-dual-color-responsive-none ultv-7531  \"><div class=\"ult-module-content ult-dual-color-heading\" style=\"text-align:center;\">\n\t\t\t\t\t\t<h2><span class=\"ult-before-heading\">\n\t\t\t\t\t\t\t\t\t<span class=\"ult-dual-heading-text ult-first-text ult-responsive\"  data-ultimate-target='.ult-dual-color.ultv-7531 .ult-dual-heading-text'  data-responsive-json-new='{\"font-size\":\"\",\"line-height\":\"\"}'  style=\"color:#111111;     border:none; font-weight:normal;\">Gestion Privative<\/span>\n\t\t\t\t\t\t\t\t<\/span><span class=\"ult-adv-heading\" style=\"\">\n\t\t\t\t\t\t\t\t\t<span class=\"ult-dual-adv-heading-text ult-highlight-text ult-responsive\"  data-ultimate-target='.ult-dual-color.ultv-7531 .ult-highlight-text'  data-responsive-json-new='{\"font-size\":\"\",\"line-height\":\"\"}'  style=\"color:#111111;     border:none; font-weight:normal;\"><\/span>\n\t\t\t\t\t\t\t\t<\/span><\/h2> <\/div><\/div><div class=\"ult-spacer spacer-69ea4fab23288\" data-id=\"69ea4fab23288\" data-height=\"35\" data-height-mobile=\"15\" data-height-tab=\"35\" data-height-tab-portrait=\"35\" data-height-mobile-landscape=\"15\" style=\"clear:both;display:block;\"><\/div><div class=\"ult-spacer spacer-69ea4fab23292\" data-id=\"69ea4fab23292\" data-height=\"20\" data-height-mobile=\"20\" data-height-tab=\"20\" data-height-tab-portrait=\"20\" data-height-mobile-landscape=\"20\" style=\"clear:both;display:block;\"><\/div>[vc_row_inner][vc_column_inner width=\u00a0\u00bb1\/6&Prime;][\/vc_column_inner][vc_column_inner width=\u00a0\u00bb2\/3&Prime;][vc_custom_heading text=\u00a0\u00bbDepuis plus de 10 ans, nous accompagnons des propri\u00e9taires en Wallonie et \u00e0 Bruxelles dans la gestion compl\u00e8te de leur patrimoine.<\/p>\n<p>Notre volont\u00e9 : Un service professionnel avec un suivi dans un cadre familial et ce afin que vos biens soient entre de bonnes mains.\u00a0\u00bb font_container=\u00a0\u00bbtag:p|font_size:1.2em|text_align:center\u00a0\u00bb use_theme_fonts=\u00a0\u00bbyes\u00a0\u00bb css=\u00a0\u00bb\u00a0\u00bb][\/vc_column_inner][vc_column_inner width=\u00a0\u00bb1\/6&Prime;][\/vc_column_inner][\/vc_row_inner][\/vc_column][\/vc_row][vc_row equal_height=\u00a0\u00bbyes\u00a0\u00bb content_placement=\u00a0\u00bbmiddle\u00a0\u00bb css_animation=\u00a0\u00bbnone\u00a0\u00bb bg_type=\u00a0\u00bbimage\u00a0\u00bb parallax_style=\u00a0\u00bbvcpb-default\u00a0\u00bb bg_image_new=\u00a0\u00bbid^1588|url^https:\/\/preview.treethemes.com\/pine\/maindemo\/wp-content\/uploads\/sites\/2\/2025\/01\/testimonialsbg.jpg|caption^null|alt^null|title^testimonialsbg|description^null\u00a0\u00bb bg_image_repeat=\u00a0\u00bbno-repeat\u00a0\u00bb bg_override=\u00a0\u00bbex-full\u00a0\u00bb enable_overlay=\u00a0\u00bbenable_overlay_value\u00a0\u00bb overlay_color=\u00a0\u00bbrgba(244,244,244,0.8)\u00a0\u00bb][vc_column css_animation=\u00a0\u00bbfadeInUp\u00a0\u00bb]<div class=\"ult-spacer spacer-69ea4fab23299\" data-id=\"69ea4fab23299\" data-height=\"120\" data-height-mobile=\"80\" data-height-tab=\"\" data-height-tab-portrait=\"\" data-height-mobile-landscape=\"80\" style=\"clear:both;display:block;\"><\/div><div id=\"ultv-517\" class=\"ult-dual-color ult-adjust-bottom-margin ult-dual-color-responsive-none ultv-517  \"><div class=\"ult-module-content ult-dual-color-heading\" style=\"text-align:center;\">\n\t\t\t\t\t\t<h6><span class=\"ult-before-heading\">\n\t\t\t\t\t\t\t\t\t<span class=\"ult-dual-heading-text ult-first-text ult-responsive\"  data-ultimate-target='.ult-dual-color.ultv-517 .ult-dual-heading-text'  data-responsive-json-new='{\"font-size\":\"\",\"line-height\":\"\"}'  style=\"color:#111111;     border:none; font-weight:normal;\">Retards de loyers, impay\u00e9s, r\u00e9parations urgentes, charges \u00e0 r\u00e9gulariser. La gestion d\u2019un bien immobilier peut vite devenir une source de stress et de perte de temps.<\/span>\n\t\t\t\t\t\t\t\t<\/span><span class=\"ult-adv-heading\" style=\"\">\n\t\t\t\t\t\t\t\t\t<span class=\"ult-dual-adv-heading-text ult-highlight-text ult-responsive\"  data-ultimate-target='.ult-dual-color.ultv-517 .ult-highlight-text'  data-responsive-json-new='{\"font-size\":\"\",\"line-height\":\"\"}'  style=\"color:#111111;     border:none; font-weight:normal;\"><\/span>\n\t\t\t\t\t\t\t\t<\/span><\/h6> <\/div><\/div><div class=\"ult-spacer spacer-69ea4fab232c6\" data-id=\"69ea4fab232c6\" data-height=\"25\" data-height-mobile=\"15\" data-height-tab=\"25\" data-height-tab-portrait=\"0\" data-height-mobile-landscape=\"15\" style=\"clear:both;display:block;\"><\/div>[vc_row_inner splitting_chars=\u00a0\u00bbyes\u00a0\u00bb el_class=\u00a0\u00bbwide-ipad\u00a0\u00bb][vc_column_inner width=\u00a0\u00bb1\/4&Prime;][\/vc_column_inner][vc_column_inner width=\u00a0\u00bb1\/2&Prime;][vc_custom_heading text=\u00a0\u00bbOn s\u2019occupe de tout :\u00a0\u00bb font_container=\u00a0\u00bbtag:h3|text_align:center\u00a0\u00bb use_theme_fonts=\u00a0\u00bbyes\u00a0\u00bb css_animation=\u00a0\u00bbcharsAnimInLong-1&Prime; css=\u00a0\u00bb\u00a0\u00bb][\/vc_column_inner][vc_column_inner width=\u00a0\u00bb1\/4&Prime;][\/vc_column_inner][\/vc_row_inner][vc_empty_space height=\u00a0\u00bb50px\u00a0\u00bb][vc_hoverbox image=\u00a0\u00bb1818&Prime; primary_title=\u00a0\u00bbGestion Financi\u00e8re\u00a0\u00bb hover_title=\u00a0\u00bbGestion Financi\u00e8re\u00a0\u00bb]<\/p>\n<ul>\n<li>Encaissement et contr\u00f4le des loyers<\/li>\n<li>Suivi des impay\u00e9s et relances<\/li>\n<li>Indexations et r\u00e9gularisations de charges<\/li>\n<\/ul>\n<p>[\/vc_hoverbox][vc_hoverbox image=\u00a0\u00bb1856&Prime; primary_title=\u00a0\u00bbGestion Locative\u00a0\u00bb hover_title=\u00a0\u00bbGestion Locative\u00a0\u00bb]<\/p>\n<ul>\n<li>Organisation des relocations<\/li>\n<li>S\u00e9lection rigoureuse des locataires<\/li>\n<\/ul>\n<p>[\/vc_hoverbox][vc_hoverbox image=\u00a0\u00bb1861&Prime; primary_title=\u00a0\u00bbGestion Technique\u00a0\u00bb hover_title=\u00a0\u00bbGestion Technique\u00a0\u00bb]<\/p>\n<ul>\n<li>Coordination des interventions<\/li>\n<li>Suivi et traitement des sinistres<\/li>\n<\/ul>\n<p>[\/vc_hoverbox][vc_hoverbox image=\u00a0\u00bb1865&Prime; primary_title=\u00a0\u00bbGestion Administrative\u00a0\u00bb hover_title=\u00a0\u00bbGestion Administrative\u00a0\u00bb]<\/p>\n<ul>\n<li>D\u00e9fense et repr\u00e9sentation en Assembl\u00e9e G\u00e9n\u00e9rale<\/li>\n<li>Tenue et mise en concurrence des fournisseurs<\/li>\n<\/ul>\n<p>[\/vc_hoverbox][vc_row_inner][vc_column_inner width=\u00a0\u00bb1\/6&Prime;][vc_separator][vc_zigzag][\/vc_column_inner][\/vc_row_inner][vc_empty_space height=\u00a0\u00bb50px\u00a0\u00bb][\/vc_column][\/vc_row]<\/p>\n<\/div>","protected":false},"excerpt":{"rendered":"<p>[vc_row equal_height=\u00a0\u00bbyes\u00a0\u00bb content_placement=\u00a0\u00bbmiddle\u00a0\u00bb css_animation=\u00a0\u00bbnone\u00a0\u00bb el_class=\u00a0\u00bbwide-ipad\u00a0\u00bb][vc_column css_animation=\u00a0\u00bbfadeInUp\u00a0\u00bb][vc_row_inner][vc_column_inner width=\u00a0\u00bb1\/6&Prime;][\/vc_column_inner][vc_column_inner width=\u00a0\u00bb2\/3&Prime;][vc_custom_heading text=\u00a0\u00bbDepuis plus de 10 ans, nous accompagnons des propri\u00e9taires en Wallonie et \u00e0 Bruxelles dans la gestion compl\u00e8te de leur patrimoine. Notre volont\u00e9 : Un service professionnel avec un suivi dans un cadre familial et ce afin que vos biens soient entre de bonnes mains.\u00a0\u00bb font_container=\u00a0\u00bbtag:p|font_size:1.2em|text_align:center\u00a0\u00bb use_theme_fonts=\u00a0\u00bbyes\u00a0\u00bb [&hellip;]<\/p>\n","protected":false},"author":2,"featured_media":0,"parent":0,"menu_order":0,"comment_status":"closed","ping_status":"closed","template":"one-page-template.php","meta":{"footnotes":""},"class_list":["post-1685","page","type-page","status-publish","hentry"],"_links":{"self":[{"href":"https:\/\/lexpertisepatrimoniale.be\/index.php\/wp-json\/wp\/v2\/pages\/1685","targetHints":{"allow":["GET"]}}],"collection":[{"href":"https:\/\/lexpertisepatrimoniale.be\/index.php\/wp-json\/wp\/v2\/pages"}],"about":[{"href":"https:\/\/lexpertisepatrimoniale.be\/index.php\/wp-json\/wp\/v2\/types\/page"}],"author":[{"embeddable":true,"href":"https:\/\/lexpertisepatrimoniale.be\/index.php\/wp-json\/wp\/v2\/users\/2"}],"replies":[{"embeddable":true,"href":"https:\/\/lexpertisepatrimoniale.be\/index.php\/wp-json\/wp\/v2\/comments?post=1685"}],"version-history":[{"count":18,"href":"https:\/\/lexpertisepatrimoniale.be\/index.php\/wp-json\/wp\/v2\/pages\/1685\/revisions"}],"predecessor-version":[{"id":1931,"href":"https:\/\/lexpertisepatrimoniale.be\/index.php\/wp-json\/wp\/v2\/pages\/1685\/revisions\/1931"}],"wp:attachment":[{"href":"https:\/\/lexpertisepatrimoniale.be\/index.php\/wp-json\/wp\/v2\/media?parent=1685"}],"curies":[{"name":"wp","href":"https:\/\/api.w.org\/{rel}","templated":true}]}}