{"id":1681,"date":"2025-01-14T20:20:08","date_gmt":"2025-01-14T20:20:08","guid":{"rendered":"https:\/\/preview.treethemes.com\/pine\/onepage1\/?page_id=1681"},"modified":"2026-01-01T20:24:11","modified_gmt":"2026-01-01T20:24:11","slug":"who-we-are","status":"publish","type":"page","link":"https:\/\/lexpertisepatrimoniale.be\/index.php\/who-we-are\/","title":{"rendered":"Syndic"},"content":{"rendered":"<div class=\"wpb-content-wrapper\"><p>[vc_row el_id=\u00a0\u00bbreso-first-section\u00a0\u00bb][vc_column][\/vc_column][\/vc_row][vc_row][vc_column]<div class=\"ult-spacer spacer-69ea5004895bc\" data-id=\"69ea5004895bc\" data-height=\"150\" data-height-mobile=\"100\" data-height-tab=\"\" data-height-tab-portrait=\"120\" data-height-mobile-landscape=\"100\" style=\"clear:both;display:block;\"><\/div>[\/vc_column][\/vc_row][vc_row css_animation=\u00a0\u00bbnone\u00a0\u00bb bg_type=\u00a0\u00bbimage\u00a0\u00bb parallax_style=\u00a0\u00bbvcpb-default\u00a0\u00bb bg_image_new=\u00a0\u00bbid^15|url^https:\/\/preview.treethemes.com\/pine\/maindemo\/wp-content\/uploads\/sites\/2\/2025\/01\/home-pine.jpg|caption^null|alt^null|title^home-pine|description^null\u00a0\u00bb bg_image_repeat=\u00a0\u00bbno-repeat\u00a0\u00bb bg_img_attach=\u00a0\u00bbfixed\u00a0\u00bb bg_override=\u00a0\u00bbex-full\u00a0\u00bb enable_overlay=\u00a0\u00bbenable_overlay_value\u00a0\u00bb overlay_color=\u00a0\u00bbrgba(17,17,17,0.8)\u00a0\u00bb el_class=\u00a0\u00bbwide-ipad\u00a0\u00bb][vc_column css_animation=\u00a0\u00bbfadeInUp\u00a0\u00bb width=\u00a0\u00bb1\/2&Prime; el_class=\u00a0\u00bbreduce-size-ipad\u00a0\u00bb][vc_empty_space height=\u00a0\u00bb20px\u00a0\u00bb][vc_row_inner parallax_container_speed=\u00a0\u00bb-0.5&Prime; parallax_container_percentage=\u00a0\u00bb0.5&Prime; el_class=\u00a0\u00bbabsolute-element-parallax top-60&Prime;][vc_column_inner width=\u00a0\u00bb1\/6&Prime;][\/vc_column_inner][vc_column_inner width=\u00a0\u00bb2\/3&Prime;][vc_single_image image=\u00a0\u00bb1798&Prime; img_size=\u00a0\u00bbfull\u00a0\u00bb style=\u00a0\u00bbvc_box_rounded\u00a0\u00bb css=\u00a0\u00bb\u00a0\u00bb][\/vc_column_inner][vc_column_inner width=\u00a0\u00bb1\/6&Prime;][\/vc_column_inner][\/vc_row_inner][vc_row_inner parallax_container=\u00a0\u00bbyes\u00a0\u00bb parallax_container_percentage=\u00a0\u00bb0.427&Prime; el_class=\u00a0\u00bbabsolute-element top60 reduce-size-phone\u00a0\u00bb][vc_column_inner width=\u00a0\u00bb2\/3&Prime;][\/vc_column_inner][\/vc_row_inner][\/vc_column][vc_column css_animation=\u00a0\u00bbfadeInUp\u00a0\u00bb width=\u00a0\u00bb1\/2&Prime;]<div class=\"ult-spacer spacer-69ea5004895d4\" data-id=\"69ea5004895d4\" data-height=\"150\" data-height-mobile=\"40\" data-height-tab=\"120\" data-height-tab-portrait=\"40\" data-height-mobile-landscape=\"40\" style=\"clear:both;display:block;\"><\/div><div class=\"ult-content-box-container \" >\t\t<div class=\"ult-content-box\" style=\"box-shadow: px px px px none;margin-right:60px;margin-left:60px;-webkit-transition: all 700ms ease;-moz-transition: all 700ms ease;-ms-transition: all 700ms ease;-o-transition: all 700ms ease;transition: all 700ms ease;\"  data-hover_box_shadow=\"none\"   data-responsive_margins=\"margin:0px;\"   data-normal_margins=\"margin-right:60px;margin-left:60px;\"  ><div class=\"ult-spacer spacer-69ea500489639\" data-id=\"69ea500489639\" data-height=\"20\" data-height-mobile=\"5\" data-height-tab=\"20\" data-height-tab-portrait=\"15\" data-height-mobile-landscape=\"5\" style=\"clear:both;display:block;\"><\/div>[vc_row_inner splitting_chars=\u00a0\u00bbyes\u00a0\u00bb][vc_column_inner][vc_custom_heading text=\u00a0\u00bbL\u2019Expertise Patrimoniale:<br \/>\nvotre syndic de copropri\u00e9t\u00e9 de confiance\u00a0\u00bb font_container=\u00a0\u00bbtag:h2|text_align:left|color:%23ffffff\u00a0\u00bb use_theme_fonts=\u00a0\u00bbyes\u00a0\u00bb css_animation=\u00a0\u00bbcharsAnimIn\u00a0\u00bb css=\u00a0\u00bb\u00a0\u00bb][\/vc_column_inner][\/vc_row_inner][vc_empty_space height=\u00a0\u00bb10px\u00a0\u00bb][vc_row_inner][vc_column_inner][vc_custom_heading text=\u00a0\u00bbProfessionnalisme, transparence et r\u00e9activit\u00e9 au service de votre copropri\u00e9t\u00e9\u00a0\u00bb font_container=\u00a0\u00bbtag:p|text_align:left|color:rgba(255%2C255%2C255%2C0.6)\u00a0\u00bb use_theme_fonts=\u00a0\u00bbyes\u00a0\u00bb css=\u00a0\u00bb\u00a0\u00bb][\/vc_column_inner][\/vc_row_inner]<div class=\"ult-spacer spacer-69ea500489643\" data-id=\"69ea500489643\" data-height=\"50\" data-height-mobile=\"20\" data-height-tab=\"40\" data-height-tab-portrait=\"30\" data-height-mobile-landscape=\"20\" style=\"clear:both;display:block;\"><\/div><div class=\"ult-animation  ult-animate-viewport  ult-no-mobile \" data-animate=\"fadeInUpShort\" data-animation-delay=\"0.2\" data-animation-duration=\"1\" data-animation-iteration=\"1\" style=\"opacity:0;\" data-opacity_start_effect=\"\"><\/div>\t\t<\/div><\/div><div class=\"ult-spacer spacer-69ea500489676\" data-id=\"69ea500489676\" data-height=\"150\" data-height-mobile=\"90\" data-height-tab=\"120\" data-height-tab-portrait=\"100\" data-height-mobile-landscape=\"90\" style=\"clear:both;display:block;\"><\/div>[\/vc_column][\/vc_row][vc_row][vc_column]<div class=\"ult-spacer spacer-69ea500489681\" data-id=\"69ea500489681\" data-height=\"100\" data-height-mobile=\"70\" data-height-tab=\"\" data-height-tab-portrait=\"70\" data-height-mobile-landscape=\"70\" style=\"clear:both;display:block;\"><\/div>[\/vc_column][\/vc_row][vc_row equal_height=\u00a0\u00bbyes\u00a0\u00bb content_placement=\u00a0\u00bbmiddle\u00a0\u00bb css_animation=\u00a0\u00bbnone\u00a0\u00bb el_class=\u00a0\u00bbwide-ipad\u00a0\u00bb][vc_column width=\u00a0\u00bb1\/6&Prime;][\/vc_column][vc_column css_animation=\u00a0\u00bbfadeInUp\u00a0\u00bb width=\u00a0\u00bb2\/3&Prime;][vc_row_inner splitting_chars=\u00a0\u00bbyes\u00a0\u00bb][vc_column_inner][vc_column_text css=\u00a0\u00bb\u00a0\u00bb]<strong>L\u2019Expertise Patrimoniale<\/strong> vous propose une gamme compl\u00e8te de services pour garantir une gestion efficace, conforme \u00e0 la l\u00e9gislation et adapt\u00e9e \u00e0 la r\u00e9alit\u00e9 de votre immeuble[\/vc_column_text][\/vc_column_inner][\/vc_row_inner]<div class=\"ult-spacer spacer-69ea50048968a\" data-id=\"69ea50048968a\" data-height=\"40\" data-height-mobile=\"15\" data-height-tab=\"40\" data-height-tab-portrait=\"15\" data-height-mobile-landscape=\"15\" style=\"clear:both;display:block;\"><\/div>[\/vc_column][vc_column width=\u00a0\u00bb1\/6&Prime;][\/vc_column][\/vc_row][vc_row][vc_column css_animation=\u00a0\u00bbfadeInUp\u00a0\u00bb]<section class='special_tabs text vertical'><div class='tab-selector col-xs-12 col-sm-4'><\/div><div class='tab-container col-xs-12 col-sm-8' style='margin-left:0px;'><\/div><div class='label 1'><div class='pine_icon_special_tabs'><i class='fa fa-adjust'><\/i><\/div><div class='title'><a class='special_tabs_linkage'>Gestion administrative<\/a><p>Organisation et tenue des assembl\u00e9es g\u00e9n\u00e9rales; r\u00e9daction des proc\u00e8s-verbaux; tenue des registres de copropri\u00e9t\u00e9; gestion des contrats et des assurances<\/p><div class='services-7-arrow'><i class='mi-arrow-right size-24'><\/i><\/div><\/div><div class='divider-vertical-tabs'><\/div><\/div><div class='content 1'><p>[vc_row_inner][vc_column_inner][vc_single_image image=\u00a0\u00bb1814&Prime; img_size=\u00a0\u00bbfull\u00a0\u00bb alignment=\u00a0\u00bbcenter\u00a0\u00bb style=\u00a0\u00bbvc_box_rounded\u00a0\u00bb css=\u00a0\u00bb\u00a0\u00bb][vc_empty_space height=\u00a0\u00bb20px\u00a0\u00bb][\/vc_column_inner][\/vc_row_inner]<\/p>\n<\/div><div class='label 2'><div class='pine_icon_special_tabs'><i class='fa fa-adjust'><\/i><\/div><div class='title'><a class='special_tabs_linkage'>Gestion comptable et financi\u00e8re<\/a><p>\u00c9laboration du budget pr\u00e9visionnel; appels de charges et suivi des paiements; comptabilit\u00e9 g\u00e9n\u00e9rale et pr\u00e9sentation des comptes; relances et gestion des impay\u00e9s<\/p><div class='services-7-arrow'><i class='mi-arrow-right size-24'><\/i><\/div><\/div><div class='divider-vertical-tabs'><\/div><\/div><div class='content 2'><p>[vc_row_inner][vc_column_inner][vc_single_image image=\u00a0\u00bb1818&Prime; img_size=\u00a0\u00bbfull\u00a0\u00bb alignment=\u00a0\u00bbcenter\u00a0\u00bb style=\u00a0\u00bbvc_box_rounded\u00a0\u00bb css=\u00a0\u00bb\u00a0\u00bb][vc_empty_space height=\u00a0\u00bb20px\u00a0\u00bb][\/vc_column_inner][\/vc_row_inner]<\/p>\n<\/div><div class='label 3'><div class='pine_icon_special_tabs'><i class='fa fa-adjust'><\/i><\/div><div class='title'><a class='special_tabs_linkage'>Suivi des travaux et de l\u2019entretien<\/a><p>Planification et suivi des interventions courantes; appels d\u2019offres et n\u00e9gociation avec les prestataires; suivi des travaux vot\u00e9s en AG; veille \u00e0 la conformit\u00e9 et \u00e0 la s\u00e9curit\u00e9 des installations<\/p><div class='services-7-arrow'><i class='mi-arrow-right size-24'><\/i><\/div><\/div><div class='divider-vertical-tabs'><\/div><\/div><div class='content 3'><p>[vc_row_inner][vc_column_inner][vc_single_image image=\u00a0\u00bb1820&Prime; img_size=\u00a0\u00bbfull\u00a0\u00bb alignment=\u00a0\u00bbcenter\u00a0\u00bb css=\u00a0\u00bb\u00a0\u00bb][\/vc_column_inner][\/vc_row_inner]<\/p>\n<\/div><div class='label 4'><div class='pine_icon_special_tabs'><i class='fa fa-adjust'><\/i><\/div><div class='title'><a class='special_tabs_linkage'>Accompagnement juridique<\/a><p>Information sur la r\u00e9glementation en vigueur R\u00e8glement de copropri\u00e9t\u00e9, litiges, sinistres; relations avec les avocats ou experts si besoin<\/p><div class='services-7-arrow'><i class='mi-arrow-right size-24'><\/i><\/div><\/div><div class='divider-vertical-tabs'><\/div><\/div><div class='content 4'><p>[vc_row_inner][vc_column_inner][vc_single_image image=\u00a0\u00bb1834&Prime; img_size=\u00a0\u00bbfull\u00a0\u00bb css=\u00a0\u00bb\u00a0\u00bb][\/vc_column_inner][\/vc_row_inner]<\/p>\n<\/div><div class='label 5'><div class='pine_icon_special_tabs'><i class='fa fa-adjust'><\/i><\/div><div class='title'><a class='special_tabs_linkage'>Espace client en ligne<\/a><p>Acc\u00e8s 24\/7 aux documents, contrats, budgets, PV d\u2019AG; suivi des interventions et demandes en temps r\u00e9el<\/p><div class='services-7-arrow'><i class='mi-arrow-right size-24'><\/i><\/div><\/div><div class='divider-vertical-tabs'><\/div><\/div><div class='content 5'><p>[vc_row_inner][vc_column_inner][vc_single_image image=\u00a0\u00bb1838&Prime; img_size=\u00a0\u00bbfull\u00a0\u00bb css=\u00a0\u00bb\u00a0\u00bb][\/vc_column_inner][\/vc_row_inner]<\/p>\n<\/div>\n<\/section>[vc_row_inner parallax_container=\u00a0\u00bbyes\u00a0\u00bb el_class=\u00a0\u00bbdisable-mobile absolute-element\u00a0\u00bb][vc_column_inner width=\u00a0\u00bb1\/3&Prime;]<div class=\"ult-content-box-container \" >\t\t<div class=\"ult-content-box\" style=\"box-shadow: px px px px none;margin-top:-80px;margin-left:0px;-webkit-transition: all 700ms ease;-moz-transition: all 700ms ease;-ms-transition: all 700ms ease;-o-transition: all 700ms ease;transition: all 700ms ease;\"  data-hover_box_shadow=\"none\"   data-responsive_margins=\"margin-bottom:-10px;margin-left:-10px;\"   data-normal_margins=\"margin-top:-80px;margin-left:0px;\"  >[vc_single_image image=\u00a0\u00bb1751&Prime; img_size=\u00a0\u00bbfull\u00a0\u00bb css=\u00a0\u00bb\u00a0\u00bb]\t\t<\/div><\/div>[\/vc_column_inner][\/vc_row_inner][vc_row_inner][vc_column_inner][\/vc_column_inner][\/vc_row_inner][\/vc_column][\/vc_row][vc_row][vc_column]<div class=\"ult-spacer spacer-69ea5004897aa\" data-id=\"69ea5004897aa\" data-height=\"100\" data-height-mobile=\"70\" data-height-tab=\"\" data-height-tab-portrait=\"70\" data-height-mobile-landscape=\"70\" style=\"clear:both;display:block;\"><\/div>[\/vc_column][\/vc_row]<\/p>\n<\/div>","protected":false},"excerpt":{"rendered":"<p>[vc_row el_id=\u00a0\u00bbreso-first-section\u00a0\u00bb][vc_column][\/vc_column][\/vc_row][vc_row][vc_column][\/vc_column][\/vc_row][vc_row css_animation=\u00a0\u00bbnone\u00a0\u00bb bg_type=\u00a0\u00bbimage\u00a0\u00bb parallax_style=\u00a0\u00bbvcpb-default\u00a0\u00bb bg_image_new=\u00a0\u00bbid^15|url^https:\/\/preview.treethemes.com\/pine\/maindemo\/wp-content\/uploads\/sites\/2\/2025\/01\/home-pine.jpg|caption^null|alt^null|title^home-pine|description^null\u00a0\u00bb bg_image_repeat=\u00a0\u00bbno-repeat\u00a0\u00bb bg_img_attach=\u00a0\u00bbfixed\u00a0\u00bb bg_override=\u00a0\u00bbex-full\u00a0\u00bb enable_overlay=\u00a0\u00bbenable_overlay_value\u00a0\u00bb overlay_color=\u00a0\u00bbrgba(17,17,17,0.8)\u00a0\u00bb el_class=\u00a0\u00bbwide-ipad\u00a0\u00bb][vc_column css_animation=\u00a0\u00bbfadeInUp\u00a0\u00bb width=\u00a0\u00bb1\/2&Prime; el_class=\u00a0\u00bbreduce-size-ipad\u00a0\u00bb][vc_empty_space height=\u00a0\u00bb20px\u00a0\u00bb][vc_row_inner parallax_container_speed=\u00a0\u00bb-0.5&Prime; parallax_container_percentage=\u00a0\u00bb0.5&Prime; el_class=\u00a0\u00bbabsolute-element-parallax top-60&Prime;][vc_column_inner width=\u00a0\u00bb1\/6&Prime;][\/vc_column_inner][vc_column_inner width=\u00a0\u00bb2\/3&Prime;][vc_single_image image=\u00a0\u00bb1798&Prime; img_size=\u00a0\u00bbfull\u00a0\u00bb style=\u00a0\u00bbvc_box_rounded\u00a0\u00bb css=\u00a0\u00bb\u00a0\u00bb][\/vc_column_inner][vc_column_inner width=\u00a0\u00bb1\/6&Prime;][\/vc_column_inner][\/vc_row_inner][vc_row_inner parallax_container=\u00a0\u00bbyes\u00a0\u00bb parallax_container_percentage=\u00a0\u00bb0.427&Prime; el_class=\u00a0\u00bbabsolute-element top60 reduce-size-phone\u00a0\u00bb][vc_column_inner width=\u00a0\u00bb2\/3&Prime;][\/vc_column_inner][\/vc_row_inner][\/vc_column][vc_column css_animation=\u00a0\u00bbfadeInUp\u00a0\u00bb width=\u00a0\u00bb1\/2&Prime;][\/vc_column][\/vc_row][vc_row][vc_column][\/vc_column][\/vc_row][vc_row equal_height=\u00a0\u00bbyes\u00a0\u00bb content_placement=\u00a0\u00bbmiddle\u00a0\u00bb css_animation=\u00a0\u00bbnone\u00a0\u00bb el_class=\u00a0\u00bbwide-ipad\u00a0\u00bb][vc_column width=\u00a0\u00bb1\/6&Prime;][\/vc_column][vc_column css_animation=\u00a0\u00bbfadeInUp\u00a0\u00bb width=\u00a0\u00bb2\/3&Prime;][vc_row_inner splitting_chars=\u00a0\u00bbyes\u00a0\u00bb][vc_column_inner][vc_column_text css=\u00a0\u00bb\u00a0\u00bb]L\u2019Expertise Patrimoniale vous propose une gamme compl\u00e8te de services pour garantir une [&hellip;]<\/p>\n","protected":false},"author":2,"featured_media":0,"parent":0,"menu_order":0,"comment_status":"closed","ping_status":"closed","template":"one-page-template.php","meta":{"footnotes":""},"class_list":["post-1681","page","type-page","status-publish","hentry"],"_links":{"self":[{"href":"https:\/\/lexpertisepatrimoniale.be\/index.php\/wp-json\/wp\/v2\/pages\/1681","targetHints":{"allow":["GET"]}}],"collection":[{"href":"https:\/\/lexpertisepatrimoniale.be\/index.php\/wp-json\/wp\/v2\/pages"}],"about":[{"href":"https:\/\/lexpertisepatrimoniale.be\/index.php\/wp-json\/wp\/v2\/types\/page"}],"author":[{"embeddable":true,"href":"https:\/\/lexpertisepatrimoniale.be\/index.php\/wp-json\/wp\/v2\/users\/2"}],"replies":[{"embeddable":true,"href":"https:\/\/lexpertisepatrimoniale.be\/index.php\/wp-json\/wp\/v2\/comments?post=1681"}],"version-history":[{"count":36,"href":"https:\/\/lexpertisepatrimoniale.be\/index.php\/wp-json\/wp\/v2\/pages\/1681\/revisions"}],"predecessor-version":[{"id":1924,"href":"https:\/\/lexpertisepatrimoniale.be\/index.php\/wp-json\/wp\/v2\/pages\/1681\/revisions\/1924"}],"wp:attachment":[{"href":"https:\/\/lexpertisepatrimoniale.be\/index.php\/wp-json\/wp\/v2\/media?parent=1681"}],"curies":[{"name":"wp","href":"https:\/\/api.w.org\/{rel}","templated":true}]}}